{"id":17325,"date":"2025-10-01T17:30:08","date_gmt":"2025-10-01T17:30:08","guid":{"rendered":"https:\/\/chouphan.com\/?page_id=17325"},"modified":"2025-10-01T17:30:53","modified_gmt":"2025-10-01T17:30:53","slug":"serendipity","status":"publish","type":"page","link":"https:\/\/chouphan.com\/vi\/serendipity\/","title":{"rendered":"SERENDIPITY"},"content":{"rendered":"<div data-elementor-type=\"wp-page\" data-elementor-id=\"17325\" class=\"elementor elementor-17325\" data-elementor-post-type=\"page\">\n\t\t\t\t<div class=\"elementor-element elementor-element-0ffff0e e-con-full e-flex wpr-particle-no wpr-jarallax-no wpr-parallax-no wpr-sticky-section-no e-con e-parent\" data-id=\"0ffff0e\" data-element_type=\"container\">\n\t\t\t\t<div class=\"elementor-element elementor-element-8b14df5 elementor-widget elementor-widget-shortcode\" data-id=\"8b14df5\" data-element_type=\"widget\" data-widget_type=\"shortcode.default\">\n\t\t\t\t\t\t\t<div class=\"elementor-shortcode\"><div class=\"woocommerce columns-4\">        <div class=\"qa-fanci-toolbar qaft-v121\" role=\"region\" aria-label=\"Product toolbar\">\n            <div class=\"qaft-side qaft-left\">\n                <details class=\"qaft-details\">\n                  <summary class=\"qaft-btn\" data-no-translation=\"\" data-trp-gettext=\"\">S\u1eafp x\u1ebfp theo<\/summary>\n                  <form class=\"qaft-radio-list\" method=\"get\" action=\"\" data-trp-original-action=\"\">\n                                          <label for=\"qaft-order-menu_order\" class=\"qaft-radio\">\n                        <input type=\"radio\" id=\"qaft-order-menu_order\" name=\"orderby\" value=\"menu_order\" checked>\n                        <span class=\"qaft-radio-text\" data-no-translation=\"\" data-trp-gettext=\"\">M\u1eb7c \u0111\u1ecbnh<\/span>\n                      <\/label>\n                                          <label for=\"qaft-order-popularity\" class=\"qaft-radio\">\n                        <input type=\"radio\" id=\"qaft-order-popularity\" name=\"orderby\" value=\"popularity\" >\n                        <span class=\"qaft-radio-text\" data-no-translation=\"\" data-trp-gettext=\"\">Ph\u1ed5 bi\u1ebfn<\/span>\n                      <\/label>\n                                          <label for=\"qaft-order-rating\" class=\"qaft-radio\">\n                        <input type=\"radio\" id=\"qaft-order-rating\" name=\"orderby\" value=\"rating\" >\n                        <span class=\"qaft-radio-text\" data-no-translation=\"\" data-trp-gettext=\"\">\u0110\u00e1nh gi\u00e1 trung b\u00ecnh<\/span>\n                      <\/label>\n                                          <label for=\"qaft-order-date\" class=\"qaft-radio\">\n                        <input type=\"radio\" id=\"qaft-order-date\" name=\"orderby\" value=\"date\" >\n                        <span class=\"qaft-radio-text\" data-no-translation=\"\" data-trp-gettext=\"\">M\u1edbi nh\u1ea5t<\/span>\n                      <\/label>\n                                          <label for=\"qaft-order-price\" class=\"qaft-radio\">\n                        <input type=\"radio\" id=\"qaft-order-price\" name=\"orderby\" value=\"price\" >\n                        <span class=\"qaft-radio-text\" data-no-translation=\"\" data-trp-gettext=\"\">Price: Low to High<\/span>\n                      <\/label>\n                                          <label for=\"qaft-order-price-desc\" class=\"qaft-radio\">\n                        <input type=\"radio\" id=\"qaft-order-price-desc\" name=\"orderby\" value=\"price-desc\" >\n                        <span class=\"qaft-radio-text\" data-no-translation=\"\" data-trp-gettext=\"\">Price: High to Low<\/span>\n                      <\/label>\n                                                            <button type=\"submit\" class=\"qaft-apply\" data-no-translation=\"\" data-trp-gettext=\"\">\u00c1p d\u1ee5ng<\/button>\n                  <input type=\"hidden\" name=\"trp-form-language\" value=\"vi\"\/><\/form>\n                <\/details>\n            <\/div>\n\n            <div class=\"qaft-center\">\n                                    <div class=\"qaft-title\">Serendipity<\/div>\n                                <div class=\"qaft-count\">5 products<\/div>\n            <\/div>\n\n            <div class=\"qaft-side qaft-right\">\n                <a href=\"#\" class=\"qaft-btn qaft-filter-toggle\" data-no-translation=\"\" data-trp-gettext=\"\">L\u1ecdc<\/a>\n            <\/div>\n        <\/div>\n        <div class=\"woocommerce-notices-wrapper\"><\/div><ul class=\"products columns-4\">\n<li class=\"product type-product post-16315 status-publish first instock product_cat-dress product_cat-serendipity has-post-thumbnail taxable shipping-taxable purchasable product-type-variable\">\n\t<div style=\"\" id=\"ws247-piew-product-16315\" class=\"ws247-piew-hover\"><a href=\"https:\/\/chouphan.com\/vi\/san-pham\/larisa-dress\/\" class=\"woocommerce-LoopProduct-link woocommerce-loop-product__link\"><div class=\"ws247-piew-imgs-container\"><img fetchpriority=\"high\" decoding=\"async\" width=\"1334\" height=\"2000\" src=\"https:\/\/chouphan.com\/wp-content\/uploads\/2025\/09\/LARISA-4.250-3-1.jpeg\" class=\"attachment-woocommerce_thumbnail size-woocommerce_thumbnail\" alt=\"Larisa Dress\" srcset=\"https:\/\/chouphan.com\/wp-content\/uploads\/2025\/09\/LARISA-4.250-3-1.jpeg 1334w, https:\/\/chouphan.com\/wp-content\/uploads\/2025\/09\/LARISA-4.250-3-1-64x96.jpeg 64w, https:\/\/chouphan.com\/wp-content\/uploads\/2025\/09\/LARISA-4.250-3-1-200x300.jpeg 200w, https:\/\/chouphan.com\/wp-content\/uploads\/2025\/09\/LARISA-4.250-3-1-683x1024.jpeg 683w, https:\/\/chouphan.com\/wp-content\/uploads\/2025\/09\/LARISA-4.250-3-1-768x1151.jpeg 768w, https:\/\/chouphan.com\/wp-content\/uploads\/2025\/09\/LARISA-4.250-3-1-1025x1536.jpeg 1025w, https:\/\/chouphan.com\/wp-content\/uploads\/2025\/09\/LARISA-4.250-3-1-8x12.jpeg 8w, https:\/\/chouphan.com\/wp-content\/uploads\/2025\/09\/LARISA-4.250-3-1-800x1199.jpeg 800w\" sizes=\"(max-width: 1334px) 100vw, 1334px\" \/><img decoding=\"async\" src=\"https:\/\/chouphan.com\/wp-content\/uploads\/2025\/09\/LARISA-4.250-7-1.jpeg\" alt=\"Larisa Dress\" class=\"ws-hover-img\" \/><\/div><!-- .ws247-piew-imgs-container --><h2 class=\"woocommerce-loop-product__title\">Larisa Dress<\/h2>\n\t<span class=\"price\"><span class=\"wcpbc-price wcpbc-price-16315\" data-product-id=\"16315\"><span class=\"woocommerce-Price-amount amount\"><bdi>4.550.000&nbsp;<span class=\"woocommerce-Price-currencySymbol\">&#8363;<\/span><\/bdi><\/span><\/span><\/span>\n<\/a><a href=\"https:\/\/chouphan.com\/vi\/san-pham\/larisa-dress\/\" aria-describedby=\"woocommerce_loop_add_to_cart_link_describedby_16315\" data-quantity=\"1\" class=\"button product_type_variable add_to_cart_button cfvsw_ajax_add_to_cart ws247_piew_atc\" data-product_id=\"16315\" data-product_sku=\"\" aria-label=\"L\u1ef1a ch\u1ecdn cho \u201cLarisa Dress\u201d\" rel=\"nofollow\" data-add_to_cart_text=\"Add to Cart\" data-select_options_text=\"L\u1ef1a ch\u1ecdn t\u00f9y ch\u1ecdn\" data-no-translation=\"\" data-trp-gettext=\"\" data-no-translation-aria-label=\"\" data-no-translation-data-select_options_text=\"\">L\u1ef1a ch\u1ecdn t\u00f9y ch\u1ecdn<\/a>\t<span id=\"woocommerce_loop_add_to_cart_link_describedby_16315\" class=\"screen-reader-text\">\n\t\tS\u1ea3n ph\u1ea9m n\u00e0y c\u00f3 nhi\u1ec1u bi\u1ebfn th\u1ec3. C\u00e1c t\u00f9y ch\u1ecdn c\u00f3 th\u1ec3 \u0111\u01b0\u1ee3c ch\u1ecdn tr\u00ean trang s\u1ea3n ph\u1ea9m\t<\/span>\n<\/div><\/li>\n<li class=\"product type-product post-16259 status-publish instock product_cat-dress product_cat-serendipity has-post-thumbnail taxable shipping-taxable purchasable product-type-variable\">\n\t<div style=\"\" id=\"ws247-piew-product-16259\" class=\"ws247-piew-hover\"><a href=\"https:\/\/chouphan.com\/vi\/san-pham\/inna-dress\/\" class=\"woocommerce-LoopProduct-link woocommerce-loop-product__link\"><div class=\"ws247-piew-imgs-container\"><img decoding=\"async\" width=\"1334\" height=\"2000\" src=\"https:\/\/chouphan.com\/wp-content\/uploads\/2025\/09\/INNA-4.250-7-1.jpeg\" class=\"attachment-woocommerce_thumbnail size-woocommerce_thumbnail\" alt=\"Inna Dress\" srcset=\"https:\/\/chouphan.com\/wp-content\/uploads\/2025\/09\/INNA-4.250-7-1.jpeg 1334w, https:\/\/chouphan.com\/wp-content\/uploads\/2025\/09\/INNA-4.250-7-1-64x96.jpeg 64w, https:\/\/chouphan.com\/wp-content\/uploads\/2025\/09\/INNA-4.250-7-1-200x300.jpeg 200w, https:\/\/chouphan.com\/wp-content\/uploads\/2025\/09\/INNA-4.250-7-1-683x1024.jpeg 683w, https:\/\/chouphan.com\/wp-content\/uploads\/2025\/09\/INNA-4.250-7-1-768x1151.jpeg 768w, https:\/\/chouphan.com\/wp-content\/uploads\/2025\/09\/INNA-4.250-7-1-1025x1536.jpeg 1025w, https:\/\/chouphan.com\/wp-content\/uploads\/2025\/09\/INNA-4.250-7-1-8x12.jpeg 8w, https:\/\/chouphan.com\/wp-content\/uploads\/2025\/09\/INNA-4.250-7-1-800x1199.jpeg 800w\" sizes=\"(max-width: 1334px) 100vw, 1334px\" \/><img decoding=\"async\" src=\"https:\/\/chouphan.com\/wp-content\/uploads\/2025\/09\/INNA-4.250-8-1.jpeg\" alt=\"Inna Dress\" class=\"ws-hover-img\" \/><\/div><!-- .ws247-piew-imgs-container --><h2 class=\"woocommerce-loop-product__title\">Inna Dress<\/h2>\n\t<span class=\"price\"><span class=\"wcpbc-price wcpbc-price-16259\" data-product-id=\"16259\"><span class=\"woocommerce-Price-amount amount\"><bdi>4.550.000&nbsp;<span class=\"woocommerce-Price-currencySymbol\">&#8363;<\/span><\/bdi><\/span><\/span><\/span>\n<\/a><a href=\"https:\/\/chouphan.com\/vi\/san-pham\/inna-dress\/\" aria-describedby=\"woocommerce_loop_add_to_cart_link_describedby_16259\" data-quantity=\"1\" class=\"button product_type_variable add_to_cart_button cfvsw_ajax_add_to_cart ws247_piew_atc\" data-product_id=\"16259\" data-product_sku=\"\" aria-label=\"L\u1ef1a ch\u1ecdn cho \u201cInna Dress\u201d\" rel=\"nofollow\" data-add_to_cart_text=\"Add to Cart\" data-select_options_text=\"L\u1ef1a ch\u1ecdn t\u00f9y ch\u1ecdn\" data-no-translation=\"\" data-trp-gettext=\"\" data-no-translation-aria-label=\"\" data-no-translation-data-select_options_text=\"\">L\u1ef1a ch\u1ecdn t\u00f9y ch\u1ecdn<\/a>\t<span id=\"woocommerce_loop_add_to_cart_link_describedby_16259\" class=\"screen-reader-text\">\n\t\tS\u1ea3n ph\u1ea9m n\u00e0y c\u00f3 nhi\u1ec1u bi\u1ebfn th\u1ec3. C\u00e1c t\u00f9y ch\u1ecdn c\u00f3 th\u1ec3 \u0111\u01b0\u1ee3c ch\u1ecdn tr\u00ean trang s\u1ea3n ph\u1ea9m\t<\/span>\n<\/div><\/li>\n<li class=\"product type-product post-16254 status-publish instock product_cat-dress product_cat-serendipity has-post-thumbnail taxable shipping-taxable purchasable product-type-variable\">\n\t<div style=\"\" id=\"ws247-piew-product-16254\" class=\"ws247-piew-hover\"><a href=\"https:\/\/chouphan.com\/vi\/san-pham\/hella-dress\/\" class=\"woocommerce-LoopProduct-link woocommerce-loop-product__link\"><div class=\"ws247-piew-imgs-container\"><img decoding=\"async\" width=\"1334\" height=\"2000\" src=\"https:\/\/chouphan.com\/wp-content\/uploads\/2025\/09\/HELLA-3.990-3-1.jpeg\" class=\"attachment-woocommerce_thumbnail size-woocommerce_thumbnail\" alt=\"Hella Dress\" srcset=\"https:\/\/chouphan.com\/wp-content\/uploads\/2025\/09\/HELLA-3.990-3-1.jpeg 1334w, https:\/\/chouphan.com\/wp-content\/uploads\/2025\/09\/HELLA-3.990-3-1-64x96.jpeg 64w, https:\/\/chouphan.com\/wp-content\/uploads\/2025\/09\/HELLA-3.990-3-1-200x300.jpeg 200w, https:\/\/chouphan.com\/wp-content\/uploads\/2025\/09\/HELLA-3.990-3-1-683x1024.jpeg 683w, https:\/\/chouphan.com\/wp-content\/uploads\/2025\/09\/HELLA-3.990-3-1-768x1151.jpeg 768w, https:\/\/chouphan.com\/wp-content\/uploads\/2025\/09\/HELLA-3.990-3-1-1025x1536.jpeg 1025w, https:\/\/chouphan.com\/wp-content\/uploads\/2025\/09\/HELLA-3.990-3-1-8x12.jpeg 8w, https:\/\/chouphan.com\/wp-content\/uploads\/2025\/09\/HELLA-3.990-3-1-800x1199.jpeg 800w\" sizes=\"(max-width: 1334px) 100vw, 1334px\" \/><img decoding=\"async\" src=\"https:\/\/chouphan.com\/wp-content\/uploads\/2025\/09\/HELLA-3.990-5-1.jpeg\" alt=\"Hella Dress\" class=\"ws-hover-img\" \/><\/div><!-- .ws247-piew-imgs-container --><h2 class=\"woocommerce-loop-product__title\">Hella Dress<\/h2>\n\t<span class=\"price\"><span class=\"wcpbc-price wcpbc-price-16254\" data-product-id=\"16254\"><span class=\"woocommerce-Price-amount amount\"><bdi>3.990.000&nbsp;<span class=\"woocommerce-Price-currencySymbol\">&#8363;<\/span><\/bdi><\/span><\/span><\/span>\n<\/a><a href=\"https:\/\/chouphan.com\/vi\/san-pham\/hella-dress\/\" aria-describedby=\"woocommerce_loop_add_to_cart_link_describedby_16254\" data-quantity=\"1\" class=\"button product_type_variable add_to_cart_button cfvsw_ajax_add_to_cart ws247_piew_atc\" data-product_id=\"16254\" data-product_sku=\"\" aria-label=\"L\u1ef1a ch\u1ecdn cho \u201cHella Dress\u201d\" rel=\"nofollow\" data-add_to_cart_text=\"Add to Cart\" data-select_options_text=\"L\u1ef1a ch\u1ecdn t\u00f9y ch\u1ecdn\" data-no-translation=\"\" data-trp-gettext=\"\" data-no-translation-aria-label=\"\" data-no-translation-data-select_options_text=\"\">L\u1ef1a ch\u1ecdn t\u00f9y ch\u1ecdn<\/a>\t<span id=\"woocommerce_loop_add_to_cart_link_describedby_16254\" class=\"screen-reader-text\">\n\t\tS\u1ea3n ph\u1ea9m n\u00e0y c\u00f3 nhi\u1ec1u bi\u1ebfn th\u1ec3. C\u00e1c t\u00f9y ch\u1ecdn c\u00f3 th\u1ec3 \u0111\u01b0\u1ee3c ch\u1ecdn tr\u00ean trang s\u1ea3n ph\u1ea9m\t<\/span>\n<\/div><\/li>\n<li class=\"product type-product post-16217 status-publish last instock product_cat-dress product_cat-serendipity has-post-thumbnail taxable shipping-taxable purchasable product-type-variable\">\n\t<div style=\"\" id=\"ws247-piew-product-16217\" class=\"ws247-piew-hover\"><a href=\"https:\/\/chouphan.com\/vi\/san-pham\/eva-dress\/\" class=\"woocommerce-LoopProduct-link woocommerce-loop-product__link\"><div class=\"ws247-piew-imgs-container\"><img loading=\"lazy\" decoding=\"async\" width=\"1334\" height=\"2000\" src=\"https:\/\/chouphan.com\/wp-content\/uploads\/2025\/09\/EVA-4.150-6-1.jpeg\" class=\"attachment-woocommerce_thumbnail size-woocommerce_thumbnail\" alt=\"Eva Dress\" srcset=\"https:\/\/chouphan.com\/wp-content\/uploads\/2025\/09\/EVA-4.150-6-1.jpeg 1334w, https:\/\/chouphan.com\/wp-content\/uploads\/2025\/09\/EVA-4.150-6-1-64x96.jpeg 64w, https:\/\/chouphan.com\/wp-content\/uploads\/2025\/09\/EVA-4.150-6-1-200x300.jpeg 200w, https:\/\/chouphan.com\/wp-content\/uploads\/2025\/09\/EVA-4.150-6-1-683x1024.jpeg 683w, https:\/\/chouphan.com\/wp-content\/uploads\/2025\/09\/EVA-4.150-6-1-768x1151.jpeg 768w, https:\/\/chouphan.com\/wp-content\/uploads\/2025\/09\/EVA-4.150-6-1-1025x1536.jpeg 1025w, https:\/\/chouphan.com\/wp-content\/uploads\/2025\/09\/EVA-4.150-6-1-8x12.jpeg 8w, https:\/\/chouphan.com\/wp-content\/uploads\/2025\/09\/EVA-4.150-6-1-800x1199.jpeg 800w\" sizes=\"(max-width: 1334px) 100vw, 1334px\" \/><img decoding=\"async\" src=\"https:\/\/chouphan.com\/wp-content\/uploads\/2025\/09\/EVA-4.150-5-1.jpeg\" alt=\"Eva Dress\" class=\"ws-hover-img\" \/><\/div><!-- .ws247-piew-imgs-container --><h2 class=\"woocommerce-loop-product__title\">Eva Dress<\/h2>\n\t<span class=\"price\"><span class=\"wcpbc-price wcpbc-price-16217\" data-product-id=\"16217\"><span class=\"woocommerce-Price-amount amount\"><bdi>4.150.000&nbsp;<span class=\"woocommerce-Price-currencySymbol\">&#8363;<\/span><\/bdi><\/span><\/span><\/span>\n<\/a><a href=\"https:\/\/chouphan.com\/vi\/san-pham\/eva-dress\/\" aria-describedby=\"woocommerce_loop_add_to_cart_link_describedby_16217\" data-quantity=\"1\" class=\"button product_type_variable add_to_cart_button cfvsw_ajax_add_to_cart ws247_piew_atc\" data-product_id=\"16217\" data-product_sku=\"\" aria-label=\"L\u1ef1a ch\u1ecdn cho \u201cEva Dress\u201d\" rel=\"nofollow\" data-add_to_cart_text=\"Add to Cart\" data-select_options_text=\"L\u1ef1a ch\u1ecdn t\u00f9y ch\u1ecdn\" data-no-translation=\"\" data-trp-gettext=\"\" data-no-translation-aria-label=\"\" data-no-translation-data-select_options_text=\"\">L\u1ef1a ch\u1ecdn t\u00f9y ch\u1ecdn<\/a>\t<span id=\"woocommerce_loop_add_to_cart_link_describedby_16217\" class=\"screen-reader-text\">\n\t\tS\u1ea3n ph\u1ea9m n\u00e0y c\u00f3 nhi\u1ec1u bi\u1ebfn th\u1ec3. C\u00e1c t\u00f9y ch\u1ecdn c\u00f3 th\u1ec3 \u0111\u01b0\u1ee3c ch\u1ecdn tr\u00ean trang s\u1ea3n ph\u1ea9m\t<\/span>\n<\/div><\/li>\n<li class=\"product type-product post-16151 status-publish first instock product_cat-best-seller product_cat-dress product_cat-serendipity has-post-thumbnail taxable shipping-taxable purchasable product-type-variable\">\n\t<div style=\"\" id=\"ws247-piew-product-16151\" class=\"ws247-piew-hover\"><a href=\"https:\/\/chouphan.com\/vi\/san-pham\/sophie-dress\/\" class=\"woocommerce-LoopProduct-link woocommerce-loop-product__link\"><div class=\"ws247-piew-imgs-container\"><img loading=\"lazy\" decoding=\"async\" width=\"1334\" height=\"2000\" src=\"https:\/\/chouphan.com\/wp-content\/uploads\/2025\/09\/SOPHIE-DRESS-4.350-1.jpeg\" class=\"attachment-woocommerce_thumbnail size-woocommerce_thumbnail\" alt=\"Sophie Dress\" srcset=\"https:\/\/chouphan.com\/wp-content\/uploads\/2025\/09\/SOPHIE-DRESS-4.350-1.jpeg 1334w, https:\/\/chouphan.com\/wp-content\/uploads\/2025\/09\/SOPHIE-DRESS-4.350-1-64x96.jpeg 64w, https:\/\/chouphan.com\/wp-content\/uploads\/2025\/09\/SOPHIE-DRESS-4.350-1-200x300.jpeg 200w, https:\/\/chouphan.com\/wp-content\/uploads\/2025\/09\/SOPHIE-DRESS-4.350-1-683x1024.jpeg 683w, https:\/\/chouphan.com\/wp-content\/uploads\/2025\/09\/SOPHIE-DRESS-4.350-1-768x1151.jpeg 768w, https:\/\/chouphan.com\/wp-content\/uploads\/2025\/09\/SOPHIE-DRESS-4.350-1-1025x1536.jpeg 1025w, https:\/\/chouphan.com\/wp-content\/uploads\/2025\/09\/SOPHIE-DRESS-4.350-1-8x12.jpeg 8w, https:\/\/chouphan.com\/wp-content\/uploads\/2025\/09\/SOPHIE-DRESS-4.350-1-800x1199.jpeg 800w\" sizes=\"(max-width: 1334px) 100vw, 1334px\" \/><img decoding=\"async\" src=\"https:\/\/chouphan.com\/wp-content\/uploads\/2025\/09\/SOPHIE-DRESS-4.350-10-1-1.jpeg\" alt=\"Sophie Dress\" class=\"ws-hover-img\" \/><\/div><!-- .ws247-piew-imgs-container --><h2 class=\"woocommerce-loop-product__title\">Sophie Dress<\/h2>\n\t<span class=\"price\"><span class=\"wcpbc-price wcpbc-price-16151\" data-product-id=\"16151\"><span class=\"woocommerce-Price-amount amount\"><bdi>4.350.000&nbsp;<span class=\"woocommerce-Price-currencySymbol\">&#8363;<\/span><\/bdi><\/span><\/span><\/span>\n<\/a><a href=\"https:\/\/chouphan.com\/vi\/san-pham\/sophie-dress\/\" aria-describedby=\"woocommerce_loop_add_to_cart_link_describedby_16151\" data-quantity=\"1\" class=\"button product_type_variable add_to_cart_button cfvsw_ajax_add_to_cart ws247_piew_atc\" data-product_id=\"16151\" data-product_sku=\"\" aria-label=\"L\u1ef1a ch\u1ecdn cho \u201cSophie Dress\u201d\" rel=\"nofollow\" data-add_to_cart_text=\"Add to Cart\" data-select_options_text=\"L\u1ef1a ch\u1ecdn t\u00f9y ch\u1ecdn\" data-no-translation=\"\" data-trp-gettext=\"\" data-no-translation-aria-label=\"\" data-no-translation-data-select_options_text=\"\">L\u1ef1a ch\u1ecdn t\u00f9y ch\u1ecdn<\/a>\t<span id=\"woocommerce_loop_add_to_cart_link_describedby_16151\" class=\"screen-reader-text\">\n\t\tS\u1ea3n ph\u1ea9m n\u00e0y c\u00f3 nhi\u1ec1u bi\u1ebfn th\u1ec3. C\u00e1c t\u00f9y ch\u1ecdn c\u00f3 th\u1ec3 \u0111\u01b0\u1ee3c ch\u1ecdn tr\u00ean trang s\u1ea3n ph\u1ea9m\t<\/span>\n<\/div><\/li>\n<\/ul>\n<\/div>\n<\/div>\n\t\t\t\t\t\t<\/div>\n\t\t\t\t<\/div>\n\t\t\t\t<\/div>","protected":false},"excerpt":{"rendered":"","protected":false},"author":1,"featured_media":0,"parent":0,"menu_order":0,"comment_status":"closed","ping_status":"closed","template":"elementor_canvas","meta":{"footnotes":""},"class_list":["post-17325","page","type-page","status-publish","hentry"],"_links":{"self":[{"href":"https:\/\/chouphan.com\/vi\/wp-json\/wp\/v2\/pages\/17325","targetHints":{"allow":["GET"]}}],"collection":[{"href":"https:\/\/chouphan.com\/vi\/wp-json\/wp\/v2\/pages"}],"about":[{"href":"https:\/\/chouphan.com\/vi\/wp-json\/wp\/v2\/types\/page"}],"author":[{"embeddable":true,"href":"https:\/\/chouphan.com\/vi\/wp-json\/wp\/v2\/users\/1"}],"replies":[{"embeddable":true,"href":"https:\/\/chouphan.com\/vi\/wp-json\/wp\/v2\/comments?post=17325"}],"version-history":[{"count":4,"href":"https:\/\/chouphan.com\/vi\/wp-json\/wp\/v2\/pages\/17325\/revisions"}],"predecessor-version":[{"id":17342,"href":"https:\/\/chouphan.com\/vi\/wp-json\/wp\/v2\/pages\/17325\/revisions\/17342"}],"wp:attachment":[{"href":"https:\/\/chouphan.com\/vi\/wp-json\/wp\/v2\/media?parent=17325"}],"curies":[{"name":"wp","href":"https:\/\/api.w.org\/{rel}","templated":true}]}}