{"id":17384,"date":"2025-10-01T17:51:37","date_gmt":"2025-10-01T17:51:37","guid":{"rendered":"https:\/\/chouphan.com\/?page_id=17384"},"modified":"2025-10-01T17:52:48","modified_gmt":"2025-10-01T17:52:48","slug":"checking-order","status":"publish","type":"page","link":"https:\/\/chouphan.com\/vi\/checking-order\/","title":{"rendered":"Checking Order"},"content":{"rendered":"<div data-elementor-type=\"wp-page\" data-elementor-id=\"17384\" class=\"elementor elementor-17384\" data-elementor-post-type=\"page\">\n\t\t\t\t<div class=\"elementor-element elementor-element-cfb4a90 e-flex e-con-boxed wpr-particle-no wpr-jarallax-no wpr-parallax-no wpr-sticky-section-no e-con e-parent\" data-id=\"cfb4a90\" data-element_type=\"container\">\n\t\t\t\t\t<div class=\"e-con-inner\">\n\t\t\t\t<div class=\"elementor-element elementor-element-de9d562 elementor-widget elementor-widget-shortcode\" data-id=\"de9d562\" data-element_type=\"widget\" data-widget_type=\"shortcode.default\">\n\t\t\t\t\t\t\t<div class=\"elementor-shortcode\"><div class=\"woocommerce\">\n<form action=\"https:\/\/chouphan.com\/vi\/checking-order\/\" method=\"post\" class=\"woocommerce-form woocommerce-form-track-order track_order\" data-trp-original-action=\"https:\/\/chouphan.com\/vi\/checking-order\/\">\n\n\t\n\t<p data-no-translation=\"\" data-trp-gettext=\"\">\u0110\u1ec3 theo d\u00f5i \u0111\u01a1n h\u00e0ng, vui l\u00f2ng nh\u1eadp M\u00e3 \u0111\u01a1n h\u00e0ng c\u1ee7a b\u1ea1n v\u00e0o \u00f4 b\u00ean d\u01b0\u1edbi v\u00e0 nh\u1ea5n n\u00fat &quot;Theo d\u00f5i&quot;. M\u00e3 n\u00e0y \u0111\u00e3 \u0111\u01b0\u1ee3c cung c\u1ea5p cho b\u1ea1n tr\u00ean bi\u00ean nh\u1eadn v\u00e0 trong email x\u00e1c nh\u1eadn m\u00e0 b\u1ea1n \u0111\u00e3 nh\u1eadn \u0111\u01b0\u1ee3c.<\/p>\n\n\t<p class=\"form-row form-row-first\"><label for=\"orderid\" data-no-translation=\"\" data-trp-gettext=\"\">ID \u0110\u01a1n h\u00e0ng<\/label> <input class=\"input-text\" type=\"text\" name=\"orderid\" id=\"orderid\" value=\"\" placeholder=\"T\u00ecm th\u1ea5y trong email x\u00e1c nh\u1eadn \u0111\u01a1n h\u00e0ng c\u1ee7a b\u1ea1n.\" data-no-translation-placeholder=\"\" \/><\/p>\t<p class=\"form-row form-row-last\"><label for=\"order_email\" data-no-translation=\"\" data-trp-gettext=\"\">Email thanh to\u00e1n<\/label> <input class=\"input-text\" type=\"text\" name=\"order_email\" id=\"order_email\" value=\"\" placeholder=\"Email \u0111\u01b0\u1ee3c s\u1eed d\u1ee5ng trong qu\u00e1 tr\u00ecnh thanh to\u00e1n.\" data-no-translation-placeholder=\"\" \/><\/p>\t<div class=\"clear\"><\/div>\n\n\t\n\t<p class=\"form-row\"><button type=\"submit\" class=\"button\" name=\"track\" value=\"Theo d\u00f5i\" data-no-translation=\"\" data-trp-gettext=\"\" data-no-translation-value=\"\">Theo d\u00f5i<\/button><\/p>\n\t<input type=\"hidden\" id=\"woocommerce-order-tracking-nonce\" name=\"woocommerce-order-tracking-nonce\" value=\"528e24540f\" \/><input type=\"hidden\" name=\"_wp_http_referer\" value=\"\/vi\/wp-json\/wp\/v2\/pages\/17384\" \/>\n\t\n<input type=\"hidden\" name=\"trp-form-language\" value=\"vi\"\/><\/form>\n<\/div><\/div>\n\t\t\t\t\t\t<\/div>\n\t\t\t\t\t<\/div>\n\t\t\t\t<\/div>\n\t\t\t\t<\/div>","protected":false},"excerpt":{"rendered":"","protected":false},"author":1,"featured_media":0,"parent":0,"menu_order":0,"comment_status":"closed","ping_status":"closed","template":"elementor_canvas","meta":{"footnotes":""},"class_list":["post-17384","page","type-page","status-publish","hentry"],"_links":{"self":[{"href":"https:\/\/chouphan.com\/vi\/wp-json\/wp\/v2\/pages\/17384","targetHints":{"allow":["GET"]}}],"collection":[{"href":"https:\/\/chouphan.com\/vi\/wp-json\/wp\/v2\/pages"}],"about":[{"href":"https:\/\/chouphan.com\/vi\/wp-json\/wp\/v2\/types\/page"}],"author":[{"embeddable":true,"href":"https:\/\/chouphan.com\/vi\/wp-json\/wp\/v2\/users\/1"}],"replies":[{"embeddable":true,"href":"https:\/\/chouphan.com\/vi\/wp-json\/wp\/v2\/comments?post=17384"}],"version-history":[{"count":4,"href":"https:\/\/chouphan.com\/vi\/wp-json\/wp\/v2\/pages\/17384\/revisions"}],"predecessor-version":[{"id":17388,"href":"https:\/\/chouphan.com\/vi\/wp-json\/wp\/v2\/pages\/17384\/revisions\/17388"}],"wp:attachment":[{"href":"https:\/\/chouphan.com\/vi\/wp-json\/wp\/v2\/media?parent=17384"}],"curies":[{"name":"wp","href":"https:\/\/api.w.org\/{rel}","templated":true}]}}